{"id":190,"date":"2026-03-17T17:38:19","date_gmt":"2026-03-17T16:38:19","guid":{"rendered":"http:\/\/jersey-arena.pl\/?post_type=product&#038;p=190"},"modified":"2026-03-19T19:17:27","modified_gmt":"2026-03-19T18:17:27","slug":"spain-2010-iniesta-6-jersey-world-cup-final-edition","status":"publish","type":"product","link":"https:\/\/jersey-arena.pl\/index.php\/produkt\/spain-2010-iniesta-6-jersey-world-cup-final-edition\/","title":{"rendered":"Spain 2010 Iniesta #6 Jersey \u2013 World Cup Final Edition"},"content":{"rendered":"<p><span style=\"font-weight: 400;\">116 minuta fina\u0142u. Jedno uderzenie, kt\u00f3re zatrzyma\u0142o czas i da\u0142o Hiszpanii pierwszy tytu\u0142 mistrza \u015bwiata. To w\u0142a\u015bnie wtedy Andr\u00e9s Iniesta zapisa\u0142 si\u0119 na zawsze w historii futbolu.<\/span><\/p>\n<p><span style=\"font-weight: 400;\">Koszulka inspirowana legendarnym momentem podczas 2010 FIFA World Cup Final, gdy reprezentacja Hiszpanii si\u0119gn\u0119\u0142a po mistrzostwo \u015bwiata.<\/span><\/p>\n<h2><b>Historia koszulki<\/b><\/h2>\n<p><span style=\"font-weight: 400;\">Podczas 2010 FIFA World Cup reprezentacja Hiszpanii zdoby\u0142a sw\u00f3j pierwszy tytu\u0142 mistrza \u015bwiata. Decyduj\u0105cy gol pad\u0142 w dogrywce fina\u0142u przeciwko Holandii, gdy Iniesta zdoby\u0142 jedn\u0105 z najbardziej pami\u0119tnych bramek w historii mundiali.<\/span><\/p>\n<p><span style=\"font-weight: 400;\">Ten moment uczyni\u0142 t\u0119 koszulk\u0119 symbolem z\u0142otej ery hiszpa\u0144skiego futbolu. 2 lata wcze\u015bniej zdobyli Mistrzostwo Europy, by ten wyczyn powt\u00f3rzy\u0107 w roku 2012. Stali si\u0119 tym samym 3 tak\u0105 reprezentacj\u0105, kt\u00f3ra wygrywa\u0142a du\u017cy turniej po turnieju. Wcze\u015bniej takiej sztuki dokonali Niemcy (1972 EURO i 1974 Mundial), a tak\u017ce Francja (1998 Mundial i 2000 EURO).<\/span><\/p>\n<h2 data-section-id=\"bdmw4g\" data-start=\"199\" data-end=\"222\">&#x1f4e6; Wysy\u0142ka i dostawa<\/h2>\n<ul data-start=\"224\" data-end=\"487\">\n<li data-section-id=\"1k8z7p3\" data-start=\"224\" data-end=\"275\">\n<p data-start=\"226\" data-end=\"275\"><strong data-start=\"226\" data-end=\"257\">Czas realizacji zam\u00f3wienia:<\/strong> 1\u20133 dni robocze<\/p>\n<\/li>\n<li data-section-id=\"f1xzb2\" data-start=\"276\" data-end=\"354\">\n<p data-start=\"278\" data-end=\"310\"><strong data-start=\"278\" data-end=\"302\">Standardowa wysy\u0142ka:<\/strong><\/p>\n<ul data-start=\"313\" data-end=\"354\">\n<li data-section-id=\"14zd3iv\" data-start=\"313\" data-end=\"354\">\n<p data-start=\"315\" data-end=\"354\">czas dostawy: <strong data-start=\"329\" data-end=\"352\">10\u201325 dni roboczych<\/strong><\/p>\n<\/li>\n<\/ul>\n<\/li>\n<li data-section-id=\"baup4b\" data-start=\"355\" data-end=\"432\">\n<p data-start=\"357\" data-end=\"389\"><strong data-start=\"357\" data-end=\"380\">Ekspresowa wysy\u0142ka:<\/strong><\/p>\n<ul data-start=\"392\" data-end=\"432\">\n<li data-section-id=\"4ad8te\" data-start=\"392\" data-end=\"432\">\n<p data-start=\"394\" data-end=\"432\">czas dostawy: <strong data-start=\"408\" data-end=\"430\">7\u201315 dni roboczych<\/strong><\/p>\n<\/li>\n<\/ul>\n<\/li>\n<\/ul>\n","protected":false},"excerpt":{"rendered":"<p>Koszulka, kt\u00f3ra przypomina moment, gdy Andres Iniesta zatrzyma\u0142 czas i da\u0142 Hiszpanii historyczne mistrzostwo \u015bwiata. Minimalistyczna, legendarna i pe\u0142na emocji &#8211; nosisz nie tylko barwy, ale histori\u0119.<\/p>\n","protected":false},"featured_media":191,"comment_status":"open","ping_status":"closed","template":"","meta":{"ocean_post_layout":"","ocean_both_sidebars_style":"","ocean_both_sidebars_content_width":0,"ocean_both_sidebars_sidebars_width":0,"ocean_sidebar":"0","ocean_second_sidebar":"0","ocean_disable_margins":"enable","ocean_add_body_class":"","ocean_shortcode_before_top_bar":"","ocean_shortcode_after_top_bar":"","ocean_shortcode_before_header":"","ocean_shortcode_after_header":"","ocean_has_shortcode":"","ocean_shortcode_after_title":"","ocean_shortcode_before_footer_widgets":"","ocean_shortcode_after_footer_widgets":"","ocean_shortcode_before_footer_bottom":"","ocean_shortcode_after_footer_bottom":"","ocean_display_top_bar":"default","ocean_display_header":"default","ocean_header_style":"","ocean_center_header_left_menu":"0","ocean_custom_header_template":"0","ocean_custom_logo":0,"ocean_custom_retina_logo":0,"ocean_custom_logo_max_width":0,"ocean_custom_logo_tablet_max_width":0,"ocean_custom_logo_mobile_max_width":0,"ocean_custom_logo_max_height":0,"ocean_custom_logo_tablet_max_height":0,"ocean_custom_logo_mobile_max_height":0,"ocean_header_custom_menu":"0","ocean_menu_typo_font_family":"0","ocean_menu_typo_font_subset":"","ocean_menu_typo_font_size":0,"ocean_menu_typo_font_size_tablet":0,"ocean_menu_typo_font_size_mobile":0,"ocean_menu_typo_font_size_unit":"px","ocean_menu_typo_font_weight":"","ocean_menu_typo_font_weight_tablet":"","ocean_menu_typo_font_weight_mobile":"","ocean_menu_typo_transform":"","ocean_menu_typo_transform_tablet":"","ocean_menu_typo_transform_mobile":"","ocean_menu_typo_line_height":0,"ocean_menu_typo_line_height_tablet":0,"ocean_menu_typo_line_height_mobile":0,"ocean_menu_typo_line_height_unit":"","ocean_menu_typo_spacing":0,"ocean_menu_typo_spacing_tablet":0,"ocean_menu_typo_spacing_mobile":0,"ocean_menu_typo_spacing_unit":"","ocean_menu_link_color":"","ocean_menu_link_color_hover":"","ocean_menu_link_color_active":"","ocean_menu_link_background":"","ocean_menu_link_hover_background":"","ocean_menu_link_active_background":"","ocean_menu_social_links_bg":"","ocean_menu_social_hover_links_bg":"","ocean_menu_social_links_color":"","ocean_menu_social_hover_links_color":"","ocean_disable_title":"default","ocean_disable_heading":"default","ocean_post_title":"","ocean_post_subheading":"","ocean_post_title_style":"","ocean_post_title_background_color":"","ocean_post_title_background":0,"ocean_post_title_bg_image_position":"","ocean_post_title_bg_image_attachment":"","ocean_post_title_bg_image_repeat":"","ocean_post_title_bg_image_size":"","ocean_post_title_height":0,"ocean_post_title_bg_overlay":0.5,"ocean_post_title_bg_overlay_color":"","ocean_disable_breadcrumbs":"default","ocean_breadcrumbs_color":"","ocean_breadcrumbs_separator_color":"","ocean_breadcrumbs_links_color":"","ocean_breadcrumbs_links_hover_color":"","ocean_display_footer_widgets":"default","ocean_display_footer_bottom":"default","ocean_custom_footer_template":"0"},"product_brand":[49],"product_cat":[48,47,15],"product_tag":[53,64,62,63,51],"class_list":{"0":"post-190","1":"product","2":"type-product","3":"status-publish","4":"has-post-thumbnail","6":"product_brand-jersey-arena","7":"product_cat-koszulki-z-historia","8":"product_cat-koszulki-reprezentacji","9":"product_cat-wszystkie-koszulki","10":"product_tag-historia-futbolu","11":"product_tag-hiszpania","12":"product_tag-iniesta","13":"product_tag-mundial-2010","14":"product_tag-retro","16":"entry","17":"has-media","19":"first","20":"instock","21":"shipping-taxable","22":"purchasable","23":"product-type-variable","24":"has-product-nav","25":"col","26":"span_1_of_3","27":"owp-content-center","28":"owp-thumbs-layout-horizontal","29":"owp-btn-normal","30":"owp-tabs-layout-horizontal"},"jetpack_sharing_enabled":true,"_links":{"self":[{"href":"https:\/\/jersey-arena.pl\/index.php\/wp-json\/wp\/v2\/product\/190","targetHints":{"allow":["GET"]}}],"collection":[{"href":"https:\/\/jersey-arena.pl\/index.php\/wp-json\/wp\/v2\/product"}],"about":[{"href":"https:\/\/jersey-arena.pl\/index.php\/wp-json\/wp\/v2\/types\/product"}],"replies":[{"embeddable":true,"href":"https:\/\/jersey-arena.pl\/index.php\/wp-json\/wp\/v2\/comments?post=190"}],"wp:featuredmedia":[{"embeddable":true,"href":"https:\/\/jersey-arena.pl\/index.php\/wp-json\/wp\/v2\/media\/191"}],"wp:attachment":[{"href":"https:\/\/jersey-arena.pl\/index.php\/wp-json\/wp\/v2\/media?parent=190"}],"wp:term":[{"taxonomy":"product_brand","embeddable":true,"href":"https:\/\/jersey-arena.pl\/index.php\/wp-json\/wp\/v2\/product_brand?post=190"},{"taxonomy":"product_cat","embeddable":true,"href":"https:\/\/jersey-arena.pl\/index.php\/wp-json\/wp\/v2\/product_cat?post=190"},{"taxonomy":"product_tag","embeddable":true,"href":"https:\/\/jersey-arena.pl\/index.php\/wp-json\/wp\/v2\/product_tag?post=190"}],"curies":[{"name":"wp","href":"https:\/\/api.w.org\/{rel}","templated":true}]}}