{"id":203,"date":"2026-03-17T18:48:09","date_gmt":"2026-03-17T17:48:09","guid":{"rendered":"http:\/\/jersey-arena.pl\/?post_type=product&#038;p=203"},"modified":"2026-03-19T19:42:28","modified_gmt":"2026-03-19T18:42:28","slug":"atletico-2004-05-spider-man-edition-retro-jersey","status":"publish","type":"product","link":"https:\/\/jersey-arena.pl\/index.php\/produkt\/atletico-2004-05-spider-man-edition-retro-jersey\/","title":{"rendered":"Atl\u00e9tico 2004\/05 Spider-Man Edition \u2013 Retro Jersey"},"content":{"rendered":"<p><span style=\"font-weight: 400;\">Jedna z najbardziej nietypowych koszulek w historii futbolu.<\/span><span style=\"font-weight: 400;\"><br \/>\n<\/span><span style=\"font-weight: 400;\">W sezonie 2004\/05 pi\u0142karze Atl\u00e9tico Madrid wybiegli na boisko z logo Spider-Mana na koszulce, promuj\u0105c film Spider-Man 2.<\/span><\/p>\n<p><span style=\"font-weight: 400;\">To koszulka, kt\u00f3ra po\u0142\u0105czy\u0142a \u015bwiat pi\u0142ki no\u017cnej i popkultury.<\/span><\/p>\n<h2><b>Historia koszulki<\/b><\/h2>\n<p><span style=\"font-weight: 400;\">W sezonie 2004\/05 Atl\u00e9tico Madrid nawi\u0105za\u0142o wyj\u0105tkow\u0105 wsp\u00f3\u0142prac\u0119 promocyjn\u0105 z filmem Spider-Man 2.<\/span><span style=\"font-weight: 400;\"><br \/>\n<\/span><span style=\"font-weight: 400;\"> Zamiast tradycyjnego sponsora na koszulce pojawi\u0142o si\u0119 charakterystyczne logo Spider-Mana, co sprawi\u0142o, \u017ce koszulka szybko sta\u0142a si\u0119 jedn\u0105 z najbardziej rozpoznawalnych i kolekcjonerskich w historii klubu.<\/span><\/p>\n<p><span style=\"font-weight: 400;\">Do dzi\u015b jest to jeden z najbardziej unikalnych projekt\u00f3w w \u015bwiecie pi\u0142karskich koszulek.<\/span><\/p>\n<h2 data-section-id=\"bdmw4g\" data-start=\"199\" data-end=\"222\">&#x1f4e6; Wysy\u0142ka i dostawa<\/h2>\n<ul data-start=\"224\" data-end=\"487\">\n<li data-section-id=\"1k8z7p3\" data-start=\"224\" data-end=\"275\">\n<p data-start=\"226\" data-end=\"275\"><strong data-start=\"226\" data-end=\"257\">Czas realizacji zam\u00f3wienia:<\/strong> 1\u20133 dni robocze<\/p>\n<\/li>\n<li data-section-id=\"f1xzb2\" data-start=\"276\" data-end=\"354\">\n<p data-start=\"278\" data-end=\"310\"><strong data-start=\"278\" data-end=\"302\">Standardowa wysy\u0142ka:<\/strong><\/p>\n<ul data-start=\"313\" data-end=\"354\">\n<li data-section-id=\"14zd3iv\" data-start=\"313\" data-end=\"354\">\n<p data-start=\"315\" data-end=\"354\">czas dostawy: <strong data-start=\"329\" data-end=\"352\">10\u201325 dni roboczych<\/strong><\/p>\n<\/li>\n<\/ul>\n<\/li>\n<li data-section-id=\"baup4b\" data-start=\"355\" data-end=\"432\">\n<p data-start=\"357\" data-end=\"389\"><strong data-start=\"357\" data-end=\"380\">Ekspresowa wysy\u0142ka:<\/strong><\/p>\n<ul data-start=\"392\" data-end=\"432\">\n<li data-section-id=\"4ad8te\" data-start=\"392\" data-end=\"432\">\n<p data-start=\"394\" data-end=\"432\">czas dostawy: <strong data-start=\"408\" data-end=\"430\">7\u201315 dni roboczych<\/strong><\/p>\n<\/li>\n<\/ul>\n<\/li>\n<\/ul>\n<h2><b>&#x1f4cb; Szczeg\u00f3\u0142y produktu<\/b><\/h2>\n<ul>\n<li style=\"font-weight: 400;\" aria-level=\"1\"><b>Model:<\/b><span style=\"font-weight: 400;\"> Atl\u00e9tico Madrid 2004\/05 Spider-Man Edition<\/span><span style=\"font-weight: 400;\"><br \/>\n<\/span><\/li>\n<li style=\"font-weight: 400;\" aria-level=\"1\"><b>Kolor:<\/b><span style=\"font-weight: 400;\"> granatowy (navy)<\/span><span style=\"font-weight: 400;\"><br \/>\n<\/span><\/li>\n<li style=\"font-weight: 400;\" aria-level=\"1\"><b>Materia\u0142:<\/b><span style=\"font-weight: 400;\"> 100% poliester<\/span><span style=\"font-weight: 400;\"><br \/>\n<\/span><\/li>\n<li style=\"font-weight: 400;\" aria-level=\"1\"><b>Rozmiary:<\/b><span style=\"font-weight: 400;\"> S, M, L, XL, XXL<\/span><span style=\"font-weight: 400;\"><br \/>\n<\/span><\/li>\n<li style=\"font-weight: 400;\" aria-level=\"1\"><b>Logo:<\/b><span style=\"font-weight: 400;\"> haftowane<\/span><span style=\"font-weight: 400;\"><br \/>\n<\/span><\/li>\n<li style=\"font-weight: 400;\" aria-level=\"1\"><b>Odznaka klubu:<\/b><span style=\"font-weight: 400;\"> przyszywana<\/span><span style=\"font-weight: 400;\"><br \/>\n<\/span><\/li>\n<li style=\"font-weight: 400;\" aria-level=\"1\"><b>Typ:<\/b><span style=\"font-weight: 400;\"> replika koszulki meczowej<\/span><\/li>\n<\/ul>\n<h2><b>&#x2b50; Dlaczego warto<\/b><\/h2>\n<p><span style=\"font-weight: 400;\">&#x1f577;&#xfe0f; jedna z najbardziej unikalnych koszulek w historii futbolu<\/span><span style=\"font-weight: 400;\"><br \/>\n<\/span><span style=\"font-weight: 400;\"> &#x26bd; inspirowana sezonem 2004\/05<\/span><span style=\"font-weight: 400;\"><br \/>\n<\/span><span style=\"font-weight: 400;\"> &#x1f455; lekki i oddychaj\u0105cy materia\u0142<\/span><span style=\"font-weight: 400;\"><br \/>\n<\/span><span style=\"font-weight: 400;\"> &#x1f525; kultowe po\u0142\u0105czenie pi\u0142ki no\u017cnej i popkultury<\/span><\/p>\n<h2><b>&#x26bd; Idealna dla<\/b><\/h2>\n<ul>\n<li style=\"font-weight: 400;\" aria-level=\"1\"><span style=\"font-weight: 400;\">fan\u00f3w Atl\u00e9tico Madrid<\/span><span style=\"font-weight: 400;\"><br \/>\n<\/span><\/li>\n<li style=\"font-weight: 400;\" aria-level=\"1\"><span style=\"font-weight: 400;\">kolekcjoner\u00f3w koszulek pi\u0142karskich<\/span><span style=\"font-weight: 400;\"><br \/>\n<\/span><\/li>\n<li style=\"font-weight: 400;\" aria-level=\"1\"><span style=\"font-weight: 400;\">mi\u0142o\u015bnik\u00f3w retro futbolu<\/span><span style=\"font-weight: 400;\"><br \/>\n<\/span><\/li>\n<li aria-level=\"1\">fan\u00f3w wyj\u0105tkowych projekt\u00f3w koszulek<\/li>\n<\/ul>\n","protected":false},"excerpt":{"rendered":"<p>To nie jest zwyk\u0142a koszulka. Po\u0142\u0105czenie futbolu i \u015bwiata superbohater\u00f3w. Design inspirowany Atletico Madryt i motywem Spider-mana, kt\u00f3ry wyr\u00f3\u017cnia si\u0119 na pierwszy rzut oka.<\/p>\n","protected":false},"featured_media":209,"comment_status":"open","ping_status":"closed","template":"","meta":{"ocean_post_layout":"","ocean_both_sidebars_style":"","ocean_both_sidebars_content_width":0,"ocean_both_sidebars_sidebars_width":0,"ocean_sidebar":"0","ocean_second_sidebar":"0","ocean_disable_margins":"enable","ocean_add_body_class":"","ocean_shortcode_before_top_bar":"","ocean_shortcode_after_top_bar":"","ocean_shortcode_before_header":"","ocean_shortcode_after_header":"","ocean_has_shortcode":"","ocean_shortcode_after_title":"","ocean_shortcode_before_footer_widgets":"","ocean_shortcode_after_footer_widgets":"","ocean_shortcode_before_footer_bottom":"","ocean_shortcode_after_footer_bottom":"","ocean_display_top_bar":"default","ocean_display_header":"default","ocean_header_style":"","ocean_center_header_left_menu":"0","ocean_custom_header_template":"0","ocean_custom_logo":0,"ocean_custom_retina_logo":0,"ocean_custom_logo_max_width":0,"ocean_custom_logo_tablet_max_width":0,"ocean_custom_logo_mobile_max_width":0,"ocean_custom_logo_max_height":0,"ocean_custom_logo_tablet_max_height":0,"ocean_custom_logo_mobile_max_height":0,"ocean_header_custom_menu":"0","ocean_menu_typo_font_family":"0","ocean_menu_typo_font_subset":"","ocean_menu_typo_font_size":0,"ocean_menu_typo_font_size_tablet":0,"ocean_menu_typo_font_size_mobile":0,"ocean_menu_typo_font_size_unit":"px","ocean_menu_typo_font_weight":"","ocean_menu_typo_font_weight_tablet":"","ocean_menu_typo_font_weight_mobile":"","ocean_menu_typo_transform":"","ocean_menu_typo_transform_tablet":"","ocean_menu_typo_transform_mobile":"","ocean_menu_typo_line_height":0,"ocean_menu_typo_line_height_tablet":0,"ocean_menu_typo_line_height_mobile":0,"ocean_menu_typo_line_height_unit":"","ocean_menu_typo_spacing":0,"ocean_menu_typo_spacing_tablet":0,"ocean_menu_typo_spacing_mobile":0,"ocean_menu_typo_spacing_unit":"","ocean_menu_link_color":"","ocean_menu_link_color_hover":"","ocean_menu_link_color_active":"","ocean_menu_link_background":"","ocean_menu_link_hover_background":"","ocean_menu_link_active_background":"","ocean_menu_social_links_bg":"","ocean_menu_social_hover_links_bg":"","ocean_menu_social_links_color":"","ocean_menu_social_hover_links_color":"","ocean_disable_title":"default","ocean_disable_heading":"default","ocean_post_title":"","ocean_post_subheading":"","ocean_post_title_style":"","ocean_post_title_background_color":"","ocean_post_title_background":0,"ocean_post_title_bg_image_position":"","ocean_post_title_bg_image_attachment":"","ocean_post_title_bg_image_repeat":"","ocean_post_title_bg_image_size":"","ocean_post_title_height":0,"ocean_post_title_bg_overlay":0.5,"ocean_post_title_bg_overlay_color":"","ocean_disable_breadcrumbs":"default","ocean_breadcrumbs_color":"","ocean_breadcrumbs_separator_color":"","ocean_breadcrumbs_links_color":"","ocean_breadcrumbs_links_hover_color":"","ocean_display_footer_widgets":"default","ocean_display_footer_bottom":"default","ocean_custom_footer_template":"0"},"product_brand":[49],"product_cat":[48,46,15],"product_tag":[66,53,68,67,51,65],"class_list":{"0":"post-203","1":"product","2":"type-product","3":"status-publish","4":"has-post-thumbnail","6":"product_brand-jersey-arena","7":"product_cat-koszulki-z-historia","8":"product_cat-koszulki-klubowe","9":"product_cat-wszystkie-koszulki","10":"product_tag-atletico-madryt","11":"product_tag-historia-futbolu","12":"product_tag-kluby","13":"product_tag-la-liga","14":"product_tag-retro","15":"product_tag-spiderman","17":"entry","18":"has-media","20":"first","21":"instock","22":"shipping-taxable","23":"purchasable","24":"product-type-variable","25":"has-product-nav","26":"col","27":"span_1_of_3","28":"owp-content-center","29":"owp-thumbs-layout-horizontal","30":"owp-btn-normal","31":"owp-tabs-layout-horizontal"},"jetpack_sharing_enabled":true,"_links":{"self":[{"href":"https:\/\/jersey-arena.pl\/index.php\/wp-json\/wp\/v2\/product\/203","targetHints":{"allow":["GET"]}}],"collection":[{"href":"https:\/\/jersey-arena.pl\/index.php\/wp-json\/wp\/v2\/product"}],"about":[{"href":"https:\/\/jersey-arena.pl\/index.php\/wp-json\/wp\/v2\/types\/product"}],"replies":[{"embeddable":true,"href":"https:\/\/jersey-arena.pl\/index.php\/wp-json\/wp\/v2\/comments?post=203"}],"wp:featuredmedia":[{"embeddable":true,"href":"https:\/\/jersey-arena.pl\/index.php\/wp-json\/wp\/v2\/media\/209"}],"wp:attachment":[{"href":"https:\/\/jersey-arena.pl\/index.php\/wp-json\/wp\/v2\/media?parent=203"}],"wp:term":[{"taxonomy":"product_brand","embeddable":true,"href":"https:\/\/jersey-arena.pl\/index.php\/wp-json\/wp\/v2\/product_brand?post=203"},{"taxonomy":"product_cat","embeddable":true,"href":"https:\/\/jersey-arena.pl\/index.php\/wp-json\/wp\/v2\/product_cat?post=203"},{"taxonomy":"product_tag","embeddable":true,"href":"https:\/\/jersey-arena.pl\/index.php\/wp-json\/wp\/v2\/product_tag?post=203"}],"curies":[{"name":"wp","href":"https:\/\/api.w.org\/{rel}","templated":true}]}}